{"id":7106,"date":"2022-05-20T10:21:17","date_gmt":"2022-05-20T16:21:17","guid":{"rendered":"https:\/\/warehouseracklatam.com\/el_salvador\/?post_type=product&#038;p=7106"},"modified":"2023-02-10T09:32:35","modified_gmt":"2023-02-10T15:32:35","slug":"estanteria-de-carga-liviana","status":"publish","type":"product","link":"https:\/\/warehouseracklatam.com\/el_salvador\/producto\/estanteria-de-carga-liviana\/","title":{"rendered":"ESTANTER\u00cdA DE CARGA LIVIANA"},"content":{"rendered":"","protected":false},"excerpt":{"rendered":"<div><img decoding=\"async\" src=\"\/wp-content\/uploads\/2022\/04\/icon-arrow.png\" \/> Una opci\u00f3n perfecta para almacenar peque\u00f1os art\u00edculos livianos y semi pesados, tales como cajas diversas, papeler\u00eda, repuestos y herramientas, etc<\/div>\n<div>Ventajas<br \/>\n<img decoding=\"async\" src=\"\/wp-content\/uploads\/2022\/04\/icon-arrow.png\" \/> Sistema de almacenaje m\u00e1s econ\u00f3mico para diversas aplicaciones.<br \/>\n<img decoding=\"async\" src=\"\/wp-content\/uploads\/2022\/04\/icon-arrow.png\" \/> Adaptabilidad a todas las necesidades de almacenaje manual.<br \/>\n<img decoding=\"async\" src=\"\/wp-content\/uploads\/2022\/04\/icon-arrow.png\" \/> Excelente versatilidad.<br \/>\n<img decoding=\"async\" src=\"\/wp-content\/uploads\/2022\/04\/icon-arrow.png\" \/> Facilidad de montaje.<\/div>\n<div><strong> 36\u201d ancho x 24\u2019\u2019profundidad x 94\u201d alto; con 5 niveles<\/strong><\/div>\n","protected":false},"featured_media":7119,"template":"","meta":{"content-type":""},"product_cat":[51,67],"product_tag":[],"class_list":["post-7106","product","type-product","status-publish","has-post-thumbnail","hentry","product_cat-estanteria-carga-liviana","product_cat-sistema-de-estanterias"],"_links":{"self":[{"href":"https:\/\/warehouseracklatam.com\/el_salvador\/wp-json\/wp\/v3\/product\/7106","targetHints":{"allow":["GET"]}}],"collection":[{"href":"https:\/\/warehouseracklatam.com\/el_salvador\/wp-json\/wp\/v3\/product"}],"about":[{"href":"https:\/\/warehouseracklatam.com\/el_salvador\/wp-json\/wp\/v2\/types\/product"}],"wp:featuredmedia":[{"embeddable":true,"href":"https:\/\/warehouseracklatam.com\/el_salvador\/wp-json\/wp\/v2\/media\/7119"}],"wp:attachment":[{"href":"https:\/\/warehouseracklatam.com\/el_salvador\/wp-json\/wp\/v2\/media?parent=7106"}],"wp:term":[{"taxonomy":"product_cat","embeddable":true,"href":"https:\/\/warehouseracklatam.com\/el_salvador\/wp-json\/wp\/v2\/product_cat?post=7106"},{"taxonomy":"product_tag","embeddable":true,"href":"https:\/\/warehouseracklatam.com\/el_salvador\/wp-json\/wp\/v2\/product_tag?post=7106"}],"curies":[{"name":"wp","href":"https:\/\/api.w.org\/{rel}","templated":true}]}}