{"id":7107,"date":"2022-05-20T10:24:53","date_gmt":"2022-05-20T16:24:53","guid":{"rendered":"https:\/\/warehouseracklatam.com\/el_salvador\/?post_type=product&#038;p=7107"},"modified":"2023-02-09T13:05:13","modified_gmt":"2023-02-09T19:05:13","slug":"estanteria-tipo-picking","status":"publish","type":"product","link":"https:\/\/warehouseracklatam.com\/el_salvador\/producto\/estanteria-tipo-picking\/","title":{"rendered":"ESTANTER\u00cdA TIPO PICKING"},"content":{"rendered":"","protected":false},"excerpt":{"rendered":"<div><img decoding=\"async\" src=\"\/wp-content\/uploads\/2022\/04\/icon-arrow.png\" \/> Las estanter\u00edas de almacenamiento a granel est\u00e1n dise\u00f1adas para espacios adonde los productos se manejan manualmente en lugar de ser transportados por un pallet.<\/div>\n<div><img decoding=\"async\" src=\"\/wp-content\/uploads\/2022\/04\/icon-arrow.png\" \/> Sistema de almacenaje de productos para picking manual siguiendo el principio &#8220;hombre a producto&#8221;. Los racks son dise\u00f1ados para aquellos almacenes donde la mercanc\u00eda se deposita y retira manualmente. Se aprovecha toda la altura del almac\u00e9n, ya que se puede acceder a los niveles altos tanto por medios mec\u00e1nicos, que elevan al operario hasta la altura deseada (transelevadores o montacargas recogepedidos), como mediante pasarelas colocadas entre racks.<\/div>\n<div><strong>Ventajas<\/strong><br \/>\n<img decoding=\"async\" src=\"\/wp-content\/uploads\/2022\/04\/icon-arrow.png\" \/> V\u00e1lidas para almacenar art\u00edculos voluminosos o pesados.<br \/>\n<img decoding=\"async\" src=\"\/wp-content\/uploads\/2022\/04\/icon-arrow.png\" \/> Soluci\u00f3n \u00f3ptima para referencias diferentes y de rotaci\u00f3n fraccionada.<br \/>\n<img decoding=\"async\" src=\"\/wp-content\/uploads\/2022\/04\/icon-arrow.png\" \/> Regulaci\u00f3n de los niveles de carga.<br \/>\n<img decoding=\"async\" src=\"\/wp-content\/uploads\/2022\/04\/icon-arrow.png\" \/> Se pueden construir racks hasta 20 m de altura.<br \/>\n<img decoding=\"async\" src=\"\/wp-content\/uploads\/2022\/04\/icon-arrow.png\" \/> Variedad de componentes que se adapten a cualquier necesidad.<\/div>\n<div><img decoding=\"async\" src=\"\/wp-content\/uploads\/2022\/04\/icon-arrow.png\" \/> Es frecuente configurar un almac\u00e9n mixto de picking y paletizaci\u00f3n, donde se utiliza la parte superior de los racks para mantener una reserva de stock mediante paletizaci\u00f3n y la inferior se destina a picking.<\/div>\n","protected":false},"featured_media":7137,"template":"","meta":{"content-type":""},"product_cat":[41,67],"product_tag":[],"class_list":["post-7107","product","type-product","status-publish","has-post-thumbnail","hentry","product_cat-estanteria-tipo-picking","product_cat-sistema-de-estanterias"],"_links":{"self":[{"href":"https:\/\/warehouseracklatam.com\/el_salvador\/wp-json\/wp\/v3\/product\/7107","targetHints":{"allow":["GET"]}}],"collection":[{"href":"https:\/\/warehouseracklatam.com\/el_salvador\/wp-json\/wp\/v3\/product"}],"about":[{"href":"https:\/\/warehouseracklatam.com\/el_salvador\/wp-json\/wp\/v2\/types\/product"}],"wp:featuredmedia":[{"embeddable":true,"href":"https:\/\/warehouseracklatam.com\/el_salvador\/wp-json\/wp\/v2\/media\/7137"}],"wp:attachment":[{"href":"https:\/\/warehouseracklatam.com\/el_salvador\/wp-json\/wp\/v2\/media?parent=7107"}],"wp:term":[{"taxonomy":"product_cat","embeddable":true,"href":"https:\/\/warehouseracklatam.com\/el_salvador\/wp-json\/wp\/v2\/product_cat?post=7107"},{"taxonomy":"product_tag","embeddable":true,"href":"https:\/\/warehouseracklatam.com\/el_salvador\/wp-json\/wp\/v2\/product_tag?post=7107"}],"curies":[{"name":"wp","href":"https:\/\/api.w.org\/{rel}","templated":true}]}}