{"id":7111,"date":"2022-05-20T10:37:47","date_gmt":"2022-05-20T16:37:47","guid":{"rendered":"https:\/\/warehouseracklatam.com\/el_salvador\/?post_type=product&#038;p=7111"},"modified":"2023-01-17T10:17:59","modified_gmt":"2023-01-17T16:17:59","slug":"rejilla-de-alambre","status":"publish","type":"product","link":"https:\/\/warehouseracklatam.com\/el_salvador\/producto\/rejilla-de-alambre\/","title":{"rendered":"REJILLA DE ALAMBRE"},"content":{"rendered":"","protected":false},"excerpt":{"rendered":"<div><img decoding=\"async\" src=\"\/wp-content\/uploads\/2022\/04\/icon-arrow.png\" \/> Las rejillas de alambre ayudan a evitar que los elementos sueltos se caigan de las estanter\u00edas.<\/div>\n<div><img decoding=\"async\" src=\"\/wp-content\/uploads\/2022\/04\/icon-arrow.png\" \/> Permite la penetraci\u00f3n de luz, aire y rociadores atravez de las estanter\u00edas.<\/div>\n<div><img decoding=\"async\" src=\"\/wp-content\/uploads\/2022\/04\/icon-arrow.png\" \/> F\u00e1cil de instalar, simplemente col\u00f3quelos en su lugar.<\/div>\n<div><img decoding=\"async\" src=\"\/wp-content\/uploads\/2022\/04\/icon-arrow.png\" \/> Mejora el rendimiento de su sistema de rociadores contra incendios.<\/div>\n<div><img decoding=\"async\" src=\"\/wp-content\/uploads\/2022\/04\/icon-arrow.png\" \/> Ilumina sus instalaciones.<\/div>\n<div><img decoding=\"async\" src=\"\/wp-content\/uploads\/2022\/04\/icon-arrow.png\" \/> Permite almacenar las cajas, estuches, cajas de cart\u00f3n, tambores y mucho m\u00e1s en la estanter\u00eda selectiva sin necesidad de los pallets.<\/div>\n<div><img decoding=\"async\" src=\"\/wp-content\/uploads\/2022\/04\/icon-arrow.png\" \/> Mantenemos en inventario grandes cantidades de estilos y tama\u00f1os de rejillas de alambre m\u00e1s populares.<\/div>\n<div><span><strong> REJILLA 36&#8243; FONDO x 46&#8243; ANCHO; 2,500 LBS CAP. &#8211; NUEVO<\/strong><\/span><\/div>\n<div><span><strong> REJILLA 42&#8243; FONDO x 46&#8243; ANCHO; 2,500 LBS CAP. &#8211; NUEVO<\/strong><\/span><\/div>\n<div><span><strong> REJILLA 42&#8243; FONDO x 46&#8243; ANCHO; CON SOPORTE; 2,000 LBS CAP. &#8211; NUEVO<\/strong><\/span><\/div>\n<div><span><strong> REJILLA 42&#8243; FONDO x 52&#8243; ANCHO; 2500 LBS CAPACIDAD &#8211; NUEVO<\/strong><\/span><\/div>\n","protected":false},"featured_media":7147,"template":"","meta":{"content-type":""},"product_cat":[55],"product_tag":[],"class_list":["post-7111","product","type-product","status-publish","has-post-thumbnail","hentry","product_cat-equipos-de-almacen"],"_links":{"self":[{"href":"https:\/\/warehouseracklatam.com\/el_salvador\/wp-json\/wp\/v3\/product\/7111","targetHints":{"allow":["GET"]}}],"collection":[{"href":"https:\/\/warehouseracklatam.com\/el_salvador\/wp-json\/wp\/v3\/product"}],"about":[{"href":"https:\/\/warehouseracklatam.com\/el_salvador\/wp-json\/wp\/v2\/types\/product"}],"wp:featuredmedia":[{"embeddable":true,"href":"https:\/\/warehouseracklatam.com\/el_salvador\/wp-json\/wp\/v2\/media\/7147"}],"wp:attachment":[{"href":"https:\/\/warehouseracklatam.com\/el_salvador\/wp-json\/wp\/v2\/media?parent=7111"}],"wp:term":[{"taxonomy":"product_cat","embeddable":true,"href":"https:\/\/warehouseracklatam.com\/el_salvador\/wp-json\/wp\/v2\/product_cat?post=7111"},{"taxonomy":"product_tag","embeddable":true,"href":"https:\/\/warehouseracklatam.com\/el_salvador\/wp-json\/wp\/v2\/product_tag?post=7111"}],"curies":[{"name":"wp","href":"https:\/\/api.w.org\/{rel}","templated":true}]}}