{"id":7236,"date":"2022-05-27T10:27:35","date_gmt":"2022-05-27T16:27:35","guid":{"rendered":"https:\/\/warehouseracklatam.com\/el_salvador\/?post_type=product&#038;p=7236"},"modified":"2023-01-31T12:37:22","modified_gmt":"2023-01-31T18:37:22","slug":"escalera-rodante","status":"publish","type":"product","link":"https:\/\/warehouseracklatam.com\/el_salvador\/producto\/escalera-rodante\/","title":{"rendered":"ESCALERA RODANTE"},"content":{"rendered":"","protected":false},"excerpt":{"rendered":"<div>\n<p><img decoding=\"async\" src=\"\/wp-content\/uploads\/2022\/04\/icon-arrow.png\" \/> Nuestra Escalera Rodante proporciona una soluci\u00f3n m\u00f3vil para acceder a alturas verticales. Estas escaleras est\u00e1n hechas de un resistente dise\u00f1o de tubo cuadrado de 1 pulgada. Utilizadas para acceder a diferente niveles en altura con barandas laterales y perimetrales en su parte superior<\/p>\n<\/div>\n<p><strong>Caracter\u00edsticas est\u00e1ndar<\/strong><\/p>\n<div><img decoding=\"async\" src=\"\/wp-content\/uploads\/2022\/04\/icon-arrow.png\" \/> Tenemos medidas desde 50\u201d (5 gradas) hasta 150\u201d (15 gradas)<\/div>\n<div><img decoding=\"async\" src=\"\/wp-content\/uploads\/2022\/04\/icon-arrow.png\" \/> Nuestras escaleras son fabricadas bajo los est\u00e1ndares OSHA de Estados Unidos de Am\u00e9rica<\/div>\n<div><img decoding=\"async\" src=\"\/wp-content\/uploads\/2022\/04\/icon-arrow.png\" \/> La pendiente de 57 grados es est\u00e1ndar<\/div>\n<div><img decoding=\"async\" src=\"\/wp-content\/uploads\/2022\/04\/icon-arrow.png\" \/> Escalones de 30&#8243;, 24&#8243; o 18&#8243; de ancho<\/div>\n<div><img decoding=\"async\" src=\"\/wp-content\/uploads\/2022\/04\/icon-arrow.png\" \/> Puntas de goma en las patas estabilizadoras<\/div>\n<div><img decoding=\"async\" src=\"\/wp-content\/uploads\/2022\/04\/icon-arrow.png\" \/> Capacidad de carga de 300 libras<\/div>\n<div><img decoding=\"async\" src=\"\/wp-content\/uploads\/2022\/04\/icon-arrow.png\" \/> Construcci\u00f3n de tubo cuadrado de 1&#8243;<\/div>\n<div><img decoding=\"async\" src=\"\/wp-content\/uploads\/2022\/04\/icon-arrow.png\" \/> Acabado en esmalte industrial gris<\/div>\n","protected":false},"featured_media":7237,"template":"","meta":{"content-type":""},"product_cat":[55],"product_tag":[],"class_list":["post-7236","product","type-product","status-publish","has-post-thumbnail","hentry","product_cat-equipos-de-almacen"],"_links":{"self":[{"href":"https:\/\/warehouseracklatam.com\/el_salvador\/wp-json\/wp\/v3\/product\/7236","targetHints":{"allow":["GET"]}}],"collection":[{"href":"https:\/\/warehouseracklatam.com\/el_salvador\/wp-json\/wp\/v3\/product"}],"about":[{"href":"https:\/\/warehouseracklatam.com\/el_salvador\/wp-json\/wp\/v2\/types\/product"}],"wp:featuredmedia":[{"embeddable":true,"href":"https:\/\/warehouseracklatam.com\/el_salvador\/wp-json\/wp\/v2\/media\/7237"}],"wp:attachment":[{"href":"https:\/\/warehouseracklatam.com\/el_salvador\/wp-json\/wp\/v2\/media?parent=7236"}],"wp:term":[{"taxonomy":"product_cat","embeddable":true,"href":"https:\/\/warehouseracklatam.com\/el_salvador\/wp-json\/wp\/v2\/product_cat?post=7236"},{"taxonomy":"product_tag","embeddable":true,"href":"https:\/\/warehouseracklatam.com\/el_salvador\/wp-json\/wp\/v2\/product_tag?post=7236"}],"curies":[{"name":"wp","href":"https:\/\/api.w.org\/{rel}","templated":true}]}}