{"id":7555,"date":"2022-11-03T15:09:25","date_gmt":"2022-11-03T21:09:25","guid":{"rendered":"https:\/\/warehouseracklatam.com\/el_salvador\/?post_type=product&#038;p=7555"},"modified":"2023-02-10T09:38:35","modified_gmt":"2023-02-10T15:38:35","slug":"entrepisos","status":"publish","type":"product","link":"https:\/\/warehouseracklatam.com\/el_salvador\/producto\/entrepisos\/","title":{"rendered":"ENTREPISOS"},"content":{"rendered":"","protected":false},"excerpt":{"rendered":"<div>\n<p><img decoding=\"async\" src=\"\/wp-content\/uploads\/2022\/04\/icon-arrow.png\" \/> Son dise\u00f1ados para aquellos almacenes donde la mercanc\u00eda se deposita y retira manualmente. Se aprovecha toda la altura del almac\u00e9n, ya que se puede acceder a los niveles altos tanto por medios mec\u00e1nicos y mediante pasarelas colocadas entre las estanter\u00edas.<\/p>\n<\/div>\n<div><strong>Tres tipos de entrepisos<\/strong><\/div>\n<table style=\"font-weight: 400;\" width=\"596\">\n<tbody>\n<tr>\n<td width=\"337\"><strong>Entrepiso con estanter\u00eda de carga liviana<\/strong><\/p>\n<p><strong>(Metal shelving mezzanine)<\/strong><\/td>\n<td width=\"259\">\u00a0Para piezas peque\u00f1as<\/td>\n<\/tr>\n<tr>\n<td width=\"337\"><strong>Entrepiso con estanter\u00eda tipo picking<\/strong><\/p>\n<p><strong>(Picking rack mezzanine)<\/strong><\/td>\n<td width=\"259\">Para cajas y cartones con una carga m\u00e1xima por nivel hasta de 1427lbs y hasta 6mts de altura<\/td>\n<\/tr>\n<tr>\n<td width=\"337\"><strong>Entrepiso con estanter\u00eda Selectiva<\/strong><\/p>\n<p><strong>(Pallet rack mezzanine)<\/strong><\/td>\n<td width=\"259\">Para cargas m\u00e1s pesadas y diferentes pisos en altura<\/td>\n<\/tr>\n<\/tbody>\n<\/table>\n","protected":false},"featured_media":7548,"template":"","meta":{"content-type":""},"product_cat":[67],"product_tag":[],"class_list":["post-7555","product","type-product","status-publish","has-post-thumbnail","hentry","product_cat-sistema-de-estanterias"],"_links":{"self":[{"href":"https:\/\/warehouseracklatam.com\/el_salvador\/wp-json\/wp\/v3\/product\/7555","targetHints":{"allow":["GET"]}}],"collection":[{"href":"https:\/\/warehouseracklatam.com\/el_salvador\/wp-json\/wp\/v3\/product"}],"about":[{"href":"https:\/\/warehouseracklatam.com\/el_salvador\/wp-json\/wp\/v2\/types\/product"}],"wp:featuredmedia":[{"embeddable":true,"href":"https:\/\/warehouseracklatam.com\/el_salvador\/wp-json\/wp\/v2\/media\/7548"}],"wp:attachment":[{"href":"https:\/\/warehouseracklatam.com\/el_salvador\/wp-json\/wp\/v2\/media?parent=7555"}],"wp:term":[{"taxonomy":"product_cat","embeddable":true,"href":"https:\/\/warehouseracklatam.com\/el_salvador\/wp-json\/wp\/v2\/product_cat?post=7555"},{"taxonomy":"product_tag","embeddable":true,"href":"https:\/\/warehouseracklatam.com\/el_salvador\/wp-json\/wp\/v2\/product_tag?post=7555"}],"curies":[{"name":"wp","href":"https:\/\/api.w.org\/{rel}","templated":true}]}}