{"id":7681,"date":"2023-01-16T12:50:33","date_gmt":"2023-01-16T18:50:33","guid":{"rendered":"https:\/\/warehouseracklatam.com\/el_salvador\/?post_type=product&#038;p=7681"},"modified":"2023-01-16T12:50:33","modified_gmt":"2023-01-16T18:50:33","slug":"almacen-autoportante","status":"publish","type":"product","link":"https:\/\/warehouseracklatam.com\/el_salvador\/producto\/almacen-autoportante\/","title":{"rendered":"ALMAC\u00c9N AUTOPORTANTE"},"content":{"rendered":"","protected":false},"excerpt":{"rendered":"<div><img decoding=\"async\" src=\"\/wp-content\/uploads\/2022\/04\/icon-arrow.png\" \/> Soluci\u00f3n \u00f3ptima para almacenaje a gran altura con el m\u00e1ximo aprovechamiento de la superficie disponible.<br \/>\nGrandes obras de ingenier\u00eda en las que las propias estanter\u00edas forman parte del sistema constructivo del edificio. Los racks soportan no s\u00f3lo las cargas propias de las mercanc\u00edas y de los diversos elementos de la construcci\u00f3n sino tambi\u00e9n los empujes de los medios de manipulaci\u00f3n y los agentes externos: fuerza del viento, sobrecarga de la nieve, movimientos s\u00edsmicos, etc. Adem\u00e1s, la altura de estos almacenes s\u00f3lo est\u00e1 limitada por las normativas locales o por la altura de elevaci\u00f3n de los montacargas. Se pueden construir almacenes de m\u00e1s de 40 m de altura.<\/p>\n<\/div>\n<div><strong>Ventajas<\/strong><\/div>\n<div><img decoding=\"async\" src=\"\/wp-content\/uploads\/2022\/04\/icon-arrow.png\" \/> Almacenaje a gran altura, m\u00e1ximo aprovechamiento de la superficie disponible.<\/div>\n<div><img decoding=\"async\" src=\"\/wp-content\/uploads\/2022\/04\/icon-arrow.png\" \/> Posibilitan el almacenaje de mercanc\u00eda de diversa \u00edndole.<\/div>\n<div><img decoding=\"async\" src=\"\/wp-content\/uploads\/2022\/04\/icon-arrow.png\" \/> Posibilidad de utilizar sistemas convencionales o autom\u00e1ticos.<\/div>\n","protected":false},"featured_media":7682,"template":"","meta":{"content-type":""},"product_cat":[67],"product_tag":[],"class_list":["post-7681","product","type-product","status-publish","has-post-thumbnail","hentry","product_cat-sistema-de-estanterias"],"_links":{"self":[{"href":"https:\/\/warehouseracklatam.com\/el_salvador\/wp-json\/wp\/v3\/product\/7681","targetHints":{"allow":["GET"]}}],"collection":[{"href":"https:\/\/warehouseracklatam.com\/el_salvador\/wp-json\/wp\/v3\/product"}],"about":[{"href":"https:\/\/warehouseracklatam.com\/el_salvador\/wp-json\/wp\/v2\/types\/product"}],"wp:featuredmedia":[{"embeddable":true,"href":"https:\/\/warehouseracklatam.com\/el_salvador\/wp-json\/wp\/v2\/media\/7682"}],"wp:attachment":[{"href":"https:\/\/warehouseracklatam.com\/el_salvador\/wp-json\/wp\/v2\/media?parent=7681"}],"wp:term":[{"taxonomy":"product_cat","embeddable":true,"href":"https:\/\/warehouseracklatam.com\/el_salvador\/wp-json\/wp\/v2\/product_cat?post=7681"},{"taxonomy":"product_tag","embeddable":true,"href":"https:\/\/warehouseracklatam.com\/el_salvador\/wp-json\/wp\/v2\/product_tag?post=7681"}],"curies":[{"name":"wp","href":"https:\/\/api.w.org\/{rel}","templated":true}]}}