{"id":6198,"date":"2021-04-28T01:20:29","date_gmt":"2021-04-28T07:20:29","guid":{"rendered":"https:\/\/d-themes.com\/wordpress\/riode\/elements\/?page_id=6198"},"modified":"2022-06-07T14:39:58","modified_gmt":"2022-06-07T20:39:58","slug":"contactanos","status":"publish","type":"page","link":"https:\/\/warehouseracklatam.com\/honduras\/contactanos\/","title":{"rendered":"Cont\u00e1ctanos"},"content":{"rendered":"<section class=\"wpb-content-wrapper\"><p>[vc_section sticky_allow=&#8221;{&#8220;xl&#8220;:&#8220;&#8220;}&#8221;][vc_row][vc_column]\n\t\t\t<!-- START Contacto REVOLUTION SLIDER 6.6.5 --><p class=\"rs-p-wp-fix\"><\/p>\n\t\t\t<rs-module-wrap id=\"rev_slider_3_1_wrapper\" data-source=\"gallery\" style=\"visibility:hidden;background:transparent;padding:0;margin:0px auto;margin-top:0;margin-bottom:0;\">\n\t\t\t\t<rs-module id=\"rev_slider_3_1\" style=\"\" data-version=\"6.6.5\">\n\t\t\t\t\t<rs-slides style=\"overflow: hidden; position: absolute;\">\n\t\t\t\t\t\t<rs-slide style=\"position: absolute;\" data-key=\"rs-4\" data-title=\"Slide\" data-anim=\"adpr:false;\" data-in=\"o:0;\" data-out=\"a:false;\">\n\t\t\t\t\t\t\t<img src=\"\/\/warehouseracklatam.com\/honduras\/wp-content\/plugins\/revslider\/public\/assets\/assets\/dummy.png\" alt=\"\" width=\"1903\" height=\"630\" class=\"rev-slidebg tp-rs-img rs-lazyload\" data-lazyload=\"\/\/warehouseracklatam.com\/honduras\/wp-content\/uploads\/2022\/04\/wr_banner-contacto.jpg\" data-no-retina>\n<!--\n\t\t\t\t\t\t\t--><rs-layer\n\t\t\t\t\t\t\t\tid=\"slider-3-slide-4-layer-0\" \n\t\t\t\t\t\t\t\tdata-type=\"shape\"\n\t\t\t\t\t\t\t\tdata-rsp_ch=\"on\"\n\t\t\t\t\t\t\t\tdata-text=\"w:normal;s:20,10,7,4;l:0,13,9,6;\"\n\t\t\t\t\t\t\t\tdata-dim=\"w:100%;h:100%;\"\n\t\t\t\t\t\t\t\tdata-basealign=\"slide\"\n\t\t\t\t\t\t\t\tdata-frame_999=\"o:0;st:w;\"\n\t\t\t\t\t\t\t\tstyle=\"z-index:8;background-color:rgba(0,0,0,0.5);\"\n\t\t\t\t\t\t\t> \n\t\t\t\t\t\t\t<\/rs-layer><!--\n\n\t\t\t\t\t\t\t--><rs-layer\n\t\t\t\t\t\t\t\tid=\"slider-3-slide-4-layer-1\" \n\t\t\t\t\t\t\t\tdata-type=\"text\"\n\t\t\t\t\t\t\t\tdata-rsp_ch=\"on\"\n\t\t\t\t\t\t\t\tdata-xy=\"x:c;y:m;\"\n\t\t\t\t\t\t\t\tdata-text=\"w:normal;s:50,45,40,40;l:25,13,9,6;fw:600;a:left,center,center,center;\"\n\t\t\t\t\t\t\t\tdata-dim=\"w:334px,301px,267px,260px;h:38px,30px,27px,22px;\"\n\t\t\t\t\t\t\t\tdata-frame_999=\"o:0;st:w;\"\n\t\t\t\t\t\t\t\tstyle=\"z-index:9;font-family:'Poppins';\"\n\t\t\t\t\t\t\t>Cont\u00e1ctanos  \n\t\t\t\t\t\t\t<\/rs-layer><!--\n-->\t\t\t\t\t\t<\/rs-slide>\n\t\t\t\t\t<\/rs-slides>\n\t\t\t\t<\/rs-module>\n\t\t\t\t<script>\n\t\t\t\t\tsetREVStartSize({c: 'rev_slider_3_1',rl:[1240,1024,778,480],el:[250,368,260,220],gw:[1903,1024,778,480],gh:[250,368,260,220],type:'standard',justify:'',layout:'fullwidth',mh:\"0\"});if (window.RS_MODULES!==undefined && window.RS_MODULES.modules!==undefined && window.RS_MODULES.modules[\"revslider31\"]!==undefined) {window.RS_MODULES.modules[\"revslider31\"].once = false;window.revapi3 = undefined;if (window.RS_MODULES.checkMinimal!==undefined) window.RS_MODULES.checkMinimal()}\n\t\t\t\t<\/script>\n\t\t\t<\/rs-module-wrap>\n\t\t\t<!-- END REVOLUTION SLIDER -->\n[\/vc_column][\/vc_row][\/vc_section][vc_section css_animation=&#8221;fadeIn&#8221; wrap_container=&#8221;container&#8221; sticky_allow=&#8221;{&#8220;xl&#8220;:&#8220;&#8220;}&#8221; css=&#8221;.vc_custom_1650312074603{margin-top: 50px !important;}&#8221;][vc_row equal_height=&#8221;yes&#8221;][vc_column width=&#8221;1\/2&#8243;][vc_row_inner][vc_column_inner]<div class=\"title-wrapper  wpb_custom_6021baaa00e128961cf18311d526921a vc_custom_1650310884626 title-left link-left\" ><h3 class=\"title\">\u00bfTienes alguna duda? No dudes en ponerte en contacto con nosotros!<\/h3><\/div><div class=\"title-wrapper  wpb_custom_295164578afe87041948cfce84dc23a8 vc_custom_1650310908776 title-left link-left\" ><p class=\"title\">Su direcci\u00f3n de correo electr\u00f3nico no ser\u00e1 publicada. Los campos obligatorios est\u00e1n marcados con *.<\/p><\/div>\n<div class=\"wpcf7 no-js\" id=\"wpcf7-f11-o1\" lang=\"es-ES\" dir=\"ltr\">\n<div class=\"screen-reader-response\"><p role=\"status\" aria-live=\"polite\" aria-atomic=\"true\"><\/p> <ul><\/ul><\/div>\n<form action=\"\/honduras\/wp-json\/wp\/v2\/pages\/6198#wpcf7-f11-o1\" method=\"post\" class=\"wpcf7-form init\" aria-label=\"Formulario de contacto\" novalidate=\"novalidate\" data-status=\"init\">\n<div style=\"display: none;\">\n<input type=\"hidden\" name=\"_wpcf7\" value=\"11\" \/>\n<input type=\"hidden\" name=\"_wpcf7_version\" value=\"5.7.5.1\" \/>\n<input type=\"hidden\" name=\"_wpcf7_locale\" value=\"es_ES\" \/>\n<input type=\"hidden\" name=\"_wpcf7_unit_tag\" value=\"wpcf7-f11-o1\" \/>\n<input type=\"hidden\" name=\"_wpcf7_container_post\" value=\"0\" \/>\n<input type=\"hidden\" name=\"_wpcf7_posted_data_hash\" value=\"\" \/>\n<\/div>\n<div class=\"row\">\n\t<div class=\"col-6\">\n\t\t<p><label> Nombre completo *<br \/>\n<span class=\"wpcf7-form-control-wrap\" data-name=\"your-name\"><input size=\"40\" class=\"wpcf7-form-control wpcf7-text wpcf7-validates-as-required input-contact\" aria-required=\"true\" aria-invalid=\"false\" placeholder=\"-\" value=\"\" type=\"text\" name=\"your-name\" \/><\/span> <\/label>\n\t\t<\/p>\n\t<\/div>\n\t<div class=\"col-6\">\n\t\t<p><label> Correo electr\u00f3nico *<br \/>\n<span class=\"wpcf7-form-control-wrap\" data-name=\"your-email\"><input size=\"40\" class=\"wpcf7-form-control wpcf7-text wpcf7-email wpcf7-validates-as-required wpcf7-validates-as-email input-contact\" aria-required=\"true\" aria-invalid=\"false\" placeholder=\"usuario@example.com\" value=\"\" type=\"email\" name=\"your-email\" \/><\/span> <\/label>\n\t\t<\/p>\n\t<\/div>\n\t<div class=\"col-12\">\n\t\t<p><label> Mensaje *<br \/>\n<span class=\"wpcf7-form-control-wrap\" data-name=\"your-message\"><textarea cols=\"40\" rows=\"10\" class=\"wpcf7-form-control wpcf7-textarea wpcf7-validates-as-required input-contact\" aria-required=\"true\" aria-invalid=\"false\" placeholder=\"-\" name=\"your-message\"><\/textarea><\/span> <\/label>\n\t\t<\/p>\n\t<\/div>\n\t<div class=\"col-l2 text-center\">\n\t\t<div id=\"cf7sr-69ed5d67bf77e\" class=\"cf7sr-g-recaptcha\" data-sitekey=\"6Lf_LFofAAAAAHsEyWbbPWnYhlGWV-gYVtS28Jbr\"><\/div><span class=\"wpcf7-form-control-wrap cf7sr-recaptcha\" data-name=\"cf7sr-recaptcha\"><input type=\"hidden\" name=\"cf7sr-recaptcha\" value=\"\" class=\"wpcf7-form-control\"><\/span><br \/>\n<button class=\"wpcf7-form-control wpcf7-submit btn btn-primary mt-3\" type=\"submit\" value=\"Enviar\">Enviar<\/button>\n\t\t<\/p>\n\t<\/div>\n<\/div><div class=\"wpcf7-response-output\" aria-hidden=\"true\"><\/div>\n<\/form>\n<\/div>\n[\/vc_column_inner][\/vc_row_inner][\/vc_column][vc_column width=&#8221;1\/2&#8243; offset=&#8221;vc_hidden-xs&#8221;][vc_single_image image=&#8221;7055&#8243; img_size=&#8221;full&#8221;][\/vc_column][\/vc_row][vc_row css=&#8221;.vc_custom_1651242272955{margin-top: 30px !important;}&#8221;][vc_column width=&#8221;1\/3&#8243;]<div class=\"riode-infobox icon-box  wpb_custom_fe447891e950af7f2eb8ebcf3c246286  circle icon-box-top infobox-anim infobox-anim-pushup\" >\r\n\r\n\t<div class=\"icon-box-icon-wrapper\">\r\n\t\t<span class=\"icon-box-icon d-inline-flex align-items-center justify-content-center\">\r\n\t\t\t\t\t\t\t\t<a href=\"https:\/\/goo.gl\/maps\/qYr7DuZESCRgr26aA\" >\r\n\t\t\t\t\t\t<i class=\"fas fa-map-marker-alt\"><\/i>\r\n\t\t\t\t\t\t\t<\/a>\r\n\t\t\t\t\t\t\t\t\t\r\n\t\t<\/span>\r\n\t<\/div>\r\n\t<div class=\"icon-box-content\">\r\n\t\t\t\t\t\t<a href=\"https:\/\/goo.gl\/maps\/qYr7DuZESCRgr26aA\" >\r\n\t\t\t\t<h3 class=\"icon-box-title\">Km 1 carretera a Puerto Cortes contiguo a Quimifar, Choloma Cortes Honduras<\/h3>\r\n\t\t\t\t\t<\/a>\r\n\t\t\t\t\t<\/div>\r\n<\/div>\r\n[\/vc_column][vc_column width=&#8221;1\/3&#8243;]<div class=\"riode-infobox icon-box  wpb_custom_fe447891e950af7f2eb8ebcf3c246286  circle icon-box-top infobox-anim infobox-anim-pushup\" >\r\n\r\n\t<div class=\"icon-box-icon-wrapper\">\r\n\t\t<span class=\"icon-box-icon d-inline-flex align-items-center justify-content-center\">\r\n\t\t\t\t\t\t\t\t<a href=\"tel:+50425440209\" >\r\n\t\t\t\t\t\t<i class=\"fas fa-phone-volume\"><\/i>\r\n\t\t\t\t\t\t\t<\/a>\r\n\t\t\t\t\t\t\t\t\t\r\n\t\t<\/span>\r\n\t<\/div>\r\n\t<div class=\"icon-box-content\">\r\n\t\t\t\t\t\t<a href=\"tel:+50425440209\" >\r\n\t\t\t\t<h3 class=\"icon-box-title\">504-2544-0209<\/h3>\r\n\t\t\t\t\t<\/a>\r\n\t\t\t\t\t<\/div>\r\n<\/div>\r\n[\/vc_column][vc_column width=&#8221;1\/3&#8243;]<div class=\"riode-infobox icon-box  wpb_custom_fe447891e950af7f2eb8ebcf3c246286  circle icon-box-top infobox-anim infobox-anim-pushup\" >\r\n\r\n\t<div class=\"icon-box-icon-wrapper\">\r\n\t\t<span class=\"icon-box-icon d-inline-flex align-items-center justify-content-center\">\r\n\t\t\t\t\t\t\t\t<a href=\"mailto:ventas@warehouserack.com\" >\r\n\t\t\t\t\t\t<i class=\"fas fa-envelope\"><\/i>\r\n\t\t\t\t\t\t\t<\/a>\r\n\t\t\t\t\t\t\t\t\t\r\n\t\t<\/span>\r\n\t<\/div>\r\n\t<div class=\"icon-box-content\">\r\n\t\t\t\t\t\t<a href=\"mailto:ventas@warehouserack.com\" >\r\n\t\t\t\t<h3 class=\"icon-box-title\">ventas@warehouserack.com<\/h3>\r\n\t\t\t\t\t<\/a>\r\n\t\t\t\t\t<\/div>\r\n<\/div>\r\n[\/vc_column][\/vc_row][\/vc_section][vc_section css_animation=&#8221;fadeIn&#8221; wrap_container=&#8221;container&#8221; sticky_allow=&#8221;{&#8220;xl&#8220;:&#8220;&#8220;}&#8221; css=&#8221;.vc_custom_1650312150675{margin-top: 50px !important;}&#8221;][vc_row][vc_column]<div class=\"title-wrapper  wpb_custom_6065bf1bdc63557204bed9b2222ef3d1 title-center link-left\" ><h1 class=\"title\">Sucursales<\/h1><\/div>[vc_row_inner content_placement=&#8221;middle&#8221;][vc_column_inner width=&#8221;1\/3&#8243; css=&#8221;.vc_custom_1649798083627{margin-top: 10px !important;margin-right: 10px !important;margin-bottom: 10px !important;margin-left: 10px !important;border-top-width: 2px !important;border-right-width: 2px !important;border-bottom-width: 2px !important;border-left-width: 2px !important;padding-top: 20px !important;padding-right: 0px !important;padding-bottom: 0px !important;padding-left: 0px !important;border-left-color: #bababa !important;border-left-style: solid !important;border-right-color: #bababa !important;border-right-style: solid !important;border-top-color: #bababa !important;border-top-style: solid !important;border-bottom-color: #bababa !important;border-bottom-style: solid !important;border-radius: 5px !important;}&#8221;][vc_column_text]<\/p>\n<p style=\"text-align: center;\"><img decoding=\"async\" src=\"https:\/\/img.icons8.com\/color\/48\/000000\/el-salvador-circular.png\" \/> <span style=\"color: #e35929;\"><strong>EL SALVADOR<br \/>\n<\/strong><\/span><span style=\"color: #000000;\"><strong><a style=\"color: #000000;\" href=\"tel:+50325224100\">503-2522-4100<\/a><br \/>\n<a style=\"color: #000000;\" href=\"mailto:ventas@warehouserack.com\">ventas@warehouserack.com<\/a><\/strong><\/span><br \/>\n<span style=\"color: #000000;\"><a style=\"color: #000000;\" href=\"https:\/\/goo.gl\/maps\/ZQytQGYaWDQyjCsG7\" target=\"_blank\" rel=\"noopener\"><strong>Km 12 1\/2, Carr. Al Pto. de<\/strong><br \/>\n<strong>La Libertad, Zona Franca<\/strong><br \/>\n<strong>Santa Tecla; Edificio #1,<\/strong><br \/>\n<strong>local 1A, EI Salvador.<\/strong><\/a><\/span><\/p>\n<p>[\/vc_column_text][\/vc_column_inner][vc_column_inner width=&#8221;1\/3&#8243; css=&#8221;.vc_custom_1649798110678{margin-top: 10px !important;margin-right: 10px !important;margin-bottom: 10px !important;margin-left: 10px !important;border-top-width: 2px !important;border-right-width: 2px !important;border-bottom-width: 2px !important;border-left-width: 2px !important;padding-top: 20px !important;padding-right: 0px !important;padding-bottom: 0px !important;padding-left: 0px !important;border-left-color: #bababa !important;border-left-style: solid !important;border-right-color: #bababa !important;border-right-style: solid !important;border-top-color: #bababa !important;border-top-style: solid !important;border-bottom-color: #bababa !important;border-bottom-style: solid !important;border-radius: 5px !important;}&#8221;][vc_column_text]<\/p>\n<p style=\"text-align: center;\"><img decoding=\"async\" src=\"https:\/\/img.icons8.com\/color\/48\/000000\/guatemala-circular.png\" \/> <span style=\"color: #e35929;\"><strong>GUATEMALA<br \/>\n<\/strong><\/span><span style=\"color: #000000;\"><strong><a style=\"color: #000000;\" href=\"tel:+50224626698\">502-2462-6698<\/a><br \/>\n<a style=\"color: #000000;\" href=\"mailto:ventas@warehouserack.com\">ventas@warehouserack.com<\/a><\/strong><\/span><br \/>\n<span style=\"color: #000000;\"><a style=\"color: #000000;\" href=\"https:\/\/goo.gl\/maps\/aSVKQXZTUzfuScPL8\" target=\"_blank\" rel=\"noopener\"><strong>20 calle 25-55, zona 12,<\/strong><br \/>\n<strong>Empresarial El Cortijo III,<\/strong><br \/>\n<strong>Bodega # 922,<\/strong><br \/>\n<strong>Guatemala.<\/strong><\/a><\/span><\/p>\n<p>[\/vc_column_text][\/vc_column_inner][vc_column_inner width=&#8221;1\/3&#8243; css=&#8221;.vc_custom_1649798131586{margin-top: 10px !important;margin-right: 10px !important;margin-bottom: 10px !important;margin-left: 10px !important;border-top-width: 2px !important;border-right-width: 2px !important;border-bottom-width: 2px !important;border-left-width: 2px !important;padding-top: 20px !important;padding-right: 0px !important;padding-bottom: 0px !important;padding-left: 0px !important;border-left-color: #bababa !important;border-left-style: solid !important;border-right-color: #bababa !important;border-right-style: solid !important;border-top-color: #bababa !important;border-top-style: solid !important;border-bottom-color: #bababa !important;border-bottom-style: solid !important;border-radius: 5px !important;}&#8221;][vc_column_text]<\/p>\n<p style=\"text-align: center;\"><img decoding=\"async\" src=\"https:\/\/img.icons8.com\/color\/48\/000000\/honduras-circular.png\" \/> <span style=\"color: #e35929;\"><strong>HONDURAS<br \/>\n<\/strong><\/span><span style=\"color: #000000;\"><strong><a style=\"color: #000000;\" href=\"tel:+50425440209\">504-2544-0209<\/a><br \/>\n<a style=\"color: #000000;\" href=\"mailto:ventas@warehouserack.com\">ventas@warehouserack.com<\/a><\/strong><\/span><br \/>\n<span style=\"color: #000000;\"><a style=\"color: #000000;\" href=\"https:\/\/goo.gl\/maps\/g1tzAgnkgpMB6BSS6\" target=\"_blank\" rel=\"noopener\"><strong>Km 1 carretera a Puerto Cortes<\/strong><br \/>\n<strong>contiguo a Quimifar,<\/strong><br \/>\n<strong>Choloma Cortes<\/strong><br \/>\n<strong>Honduras<\/strong><\/a><\/span><\/p>\n<p>[\/vc_column_text][\/vc_column_inner][\/vc_row_inner][vc_row_inner content_placement=&#8221;middle&#8221;][vc_column_inner width=&#8221;1\/4&#8243; css=&#8221;.vc_custom_1649798083627{margin-top: 10px !important;margin-right: 10px !important;margin-bottom: 10px !important;margin-left: 10px !important;border-top-width: 2px !important;border-right-width: 2px !important;border-bottom-width: 2px !important;border-left-width: 2px !important;padding-top: 20px !important;padding-right: 0px !important;padding-bottom: 0px !important;padding-left: 0px !important;border-left-color: #bababa !important;border-left-style: solid !important;border-right-color: #bababa !important;border-right-style: solid !important;border-top-color: #bababa !important;border-top-style: solid !important;border-bottom-color: #bababa !important;border-bottom-style: solid !important;border-radius: 5px !important;}&#8221;][vc_column_text]<\/p>\n<p style=\"text-align: center;\"><img decoding=\"async\" src=\"https:\/\/img.icons8.com\/color\/48\/000000\/usa-circular.png\" \/><span style=\"color: #e35929;\"><strong>HOUSTON<br \/>\n<\/strong><\/span><span style=\"color: #000000;\"><strong><span style=\"color: #000000;\"><a style=\"color: #000000;\" href=\"tel:+8324672221\">832-467-2221<\/a><\/span><br \/>\n<a style=\"color: #000000;\" href=\"mailto:info@warehouserack.com\">info@warehouserack.com<\/a><\/strong><\/span><br \/>\n<span style=\"color: #000000;\"><a style=\"color: #000000;\" href=\"https:\/\/g.page\/warehouselift?share\" target=\"_blank\" rel=\"noopener\"><strong>13550 Hempstead Rd,<\/strong><br \/>\n<strong>Houston, TX 77040<\/strong><\/a><\/span><\/p>\n<p>[\/vc_column_text][\/vc_column_inner][vc_column_inner width=&#8221;1\/4&#8243; css=&#8221;.vc_custom_1649798110678{margin-top: 10px !important;margin-right: 10px !important;margin-bottom: 10px !important;margin-left: 10px !important;border-top-width: 2px !important;border-right-width: 2px !important;border-bottom-width: 2px !important;border-left-width: 2px !important;padding-top: 20px !important;padding-right: 0px !important;padding-bottom: 0px !important;padding-left: 0px !important;border-left-color: #bababa !important;border-left-style: solid !important;border-right-color: #bababa !important;border-right-style: solid !important;border-top-color: #bababa !important;border-top-style: solid !important;border-bottom-color: #bababa !important;border-bottom-style: solid !important;border-radius: 5px !important;}&#8221;][vc_column_text]<\/p>\n<p style=\"text-align: center;\"><img decoding=\"async\" src=\"https:\/\/img.icons8.com\/color\/48\/000000\/usa-circular.png\" \/> <span style=\"color: #e35929;\"><strong>FORT WORTH<br \/>\n<\/strong><\/span><span style=\"color: #000000;\"><strong><a style=\"color: #000000;\" href=\"tel:+8174987500\">817-498-7500<\/a><br \/>\n<a style=\"color: #000000;\" href=\"mailto:info@warehouserack.com\">info@warehouserack.com<\/a><\/strong><\/span><br \/>\n<span style=\"color: #000000;\"><a style=\"color: #000000;\" href=\"https:\/\/goo.gl\/maps\/Xke4m368mb7bv8dU7\" target=\"_blank\" rel=\"noopener\"><strong>401 NE 38th St, <\/strong><strong>Fort Worth,<br \/>\nTexas 76106.<\/strong><\/a><\/span><\/p>\n<p>[\/vc_column_text][\/vc_column_inner][vc_column_inner width=&#8221;1\/4&#8243; css=&#8221;.vc_custom_1649798131586{margin-top: 10px !important;margin-right: 10px !important;margin-bottom: 10px !important;margin-left: 10px !important;border-top-width: 2px !important;border-right-width: 2px !important;border-bottom-width: 2px !important;border-left-width: 2px !important;padding-top: 20px !important;padding-right: 0px !important;padding-bottom: 0px !important;padding-left: 0px !important;border-left-color: #bababa !important;border-left-style: solid !important;border-right-color: #bababa !important;border-right-style: solid !important;border-top-color: #bababa !important;border-top-style: solid !important;border-bottom-color: #bababa !important;border-bottom-style: solid !important;border-radius: 5px !important;}&#8221;][vc_column_text]<\/p>\n<p style=\"text-align: center;\"><img decoding=\"async\" src=\"https:\/\/img.icons8.com\/color\/48\/000000\/usa-circular.png\" \/> <span style=\"color: #e35929;\"><strong>SAN ANTONIO<br \/>\n<\/strong><\/span><span style=\"color: #000000;\"><strong><a style=\"color: #000000;\" href=\"tel:+8174987500\">210-637-9100<\/a><br \/>\n<a style=\"color: #000000;\" href=\"mailto:info@warehouserack.com\">info@warehouserack.com<\/a><\/strong><\/span><br \/>\n<span style=\"color: #000000;\"><a style=\"color: #000000;\" href=\"https:\/\/g.page\/warehouserack-san-antonio?share\" target=\"_blank\" rel=\"noopener\"><strong>3550 North I-35<\/strong><br \/>\n<strong>San Antonio, Texas 78219.<\/strong><\/a><\/span><\/p>\n<p>[\/vc_column_text][\/vc_column_inner][vc_column_inner width=&#8221;1\/4&#8243; css=&#8221;.vc_custom_1649798383549{margin-top: 10px !important;margin-right: 10px !important;margin-bottom: 10px !important;margin-left: 10px !important;border-top-width: 2px !important;border-right-width: 2px !important;border-bottom-width: 2px !important;border-left-width: 2px !important;padding-top: 20px !important;padding-right: 0px !important;padding-bottom: 0px !important;padding-left: 0px !important;border-left-color: #bababa !important;border-left-style: solid !important;border-right-color: #bababa !important;border-right-style: solid !important;border-top-color: #bababa !important;border-top-style: solid !important;border-bottom-color: #bababa !important;border-bottom-style: solid !important;border-radius: 5px !important;}&#8221;][vc_column_text]<\/p>\n<p style=\"text-align: center;\"><img decoding=\"async\" src=\"https:\/\/img.icons8.com\/color\/48\/000000\/usa-circular.png\" \/> <span style=\"color: #e35929;\"><strong>COLUMBOS<br \/>\n<\/strong><\/span><span style=\"color: #000000;\"><strong><a style=\"color: #000000;\" href=\"tel:+8174987500\">614-443-6514<\/a><\/strong><strong><br \/>\n<a style=\"color: #000000;\" href=\"mailto:info@warehouserack.com\">info@warehouserack.com<\/a><\/strong><\/span><br \/>\n<span style=\"color: #000000;\"><a style=\"color: #000000;\" href=\"https:\/\/goo.gl\/maps\/qwKhpCkEXTpF5W9d7\" target=\"_blank\" rel=\"noopener\"><strong>1535 Refugee Rd<\/strong><br \/>\n<strong>Columbus, Ohio 43207.<\/strong><\/a><\/span><\/p>\n<p>[\/vc_column_text][\/vc_column_inner][\/vc_row_inner][\/vc_column][\/vc_row][\/vc_section][vc_row gap=&#8221;0&#8243;][vc_column offset=&#8221;vc_hidden-lg vc_hidden-md vc_hidden-sm vc_hidden-xs&#8221;][vc_gmaps link=&#8221;#E-8_JTNDaWZyYW1lJTIwc3JjJTNEJTIyaHR0cHMlM0ElMkYlMkZtYXBzLmdvb2dsZS5jb20lMkZtYXBzJTNGcSUzRExvbmRvbiUyNTIwRXllJTI1MkMlMjUyMExvbmRvbiUyNTJDJTI1MjBVbml0ZWQlMjUyMEtpbmdkb20lMjZhbXAlM0J0JTNEbSUyNmFtcCUzQnolM0QxMCUyNmFtcCUzQm91dHB1dCUzRGVtYmVkJTI2YW1wJTNCaXdsb2MlM0RuZWFyJTIyJTIwJTIwc3R5bGUlM0QlMjJib3JkZXIlM0EwJTIyJTIwYWxsb3dmdWxsc2NyZWVuJTIwdGl0bGUlM0QlMjJMb25kb24lMjBFeWUlMkMlMjBMb25kb24lMkMlMjBVbml0ZWQlMjBLaW5nZG9tJTIyJTIwYXJpYS1sYWJlbCUzRCUyMkxvbmRvbiUyMEV5ZSUyQyUyMExvbmRvbiUyQyUyMFVuaXRlZCUyMEtpbmdkb20lMjIlM0UlM0MlMkZpZnJhbWUlM0U=&#8221; size=&#8221;390px&#8221; el_class=&#8221;mb-0&#8243;][\/vc_column][\/vc_row][vc_row][vc_column][vc_empty_space][\/vc_column][\/vc_row]<\/p>\n<\/section>","protected":false},"excerpt":{"rendered":"<p>[vc_section sticky_allow=&#8221;{&#8220;xl&#8220;:&#8220;&#8220;}&#8221;][vc_row][vc_column][\/vc_column][\/vc_row][\/vc_section][vc_section css_animation=&#8221;fadeIn&#8221; wrap_container=&#8221;container&#8221; sticky_allow=&#8221;{&#8220;xl&#8220;:&#8220;&#8220;}&#8221; css=&#8221;.vc_custom_1650312074603{margin-top: 50px !important;}&#8221;][vc_row equal_height=&#8221;yes&#8221;][vc_column width=&#8221;1\/2&#8243;][vc_row_inner][vc_column_inner][\/vc_column_inner][\/vc_row_inner][\/vc_column][vc_column width=&#8221;1\/2&#8243; offset=&#8221;vc_hidden-xs&#8221;][vc_single_image image=&#8221;7055&#8243; img_size=&#8221;full&#8221;][\/vc_column][\/vc_row][vc_row css=&#8221;.vc_custom_1651242272955{margin-top: 30px !important;}&#8221;][vc_column width=&#8221;1\/3&#8243;][\/vc_column][vc_column width=&#8221;1\/3&#8243;][\/vc_column][vc_column width=&#8221;1\/3&#8243;][\/vc_column][\/vc_row][\/vc_section][vc_section css_animation=&#8221;fadeIn&#8221; wrap_container=&#8221;container&#8221; sticky_allow=&#8221;{&#8220;xl&#8220;:&#8220;&#8220;}&#8221; css=&#8221;.vc_custom_1650312150675{margin-top: 50px !important;}&#8221;][vc_row][vc_column][vc_row_inner content_placement=&#8221;middle&#8221;][vc_column_inner width=&#8221;1\/3&#8243; css=&#8221;.vc_custom_1649798083627{margin-top: 10px !important;margin-right: 10px !important;margin-bottom: 10px !important;margin-left: 10px !important;border-top-width: 2px !important;border-right-width: 2px !important;border-bottom-width: 2px !important;border-left-width: 2px !important;padding-top: 20px !important;padding-right: 0px !important;padding-bottom: 0px !important;padding-left: 0px !important;border-left-color: #bababa !important;border-left-style: [&hellip;]<\/p>\n","protected":false},"author":1,"featured_media":0,"parent":0,"menu_order":0,"comment_status":"closed","ping_status":"closed","template":"","meta":{"content-type":""},"_links":{"self":[{"href":"https:\/\/warehouseracklatam.com\/honduras\/wp-json\/wp\/v2\/pages\/6198"}],"collection":[{"href":"https:\/\/warehouseracklatam.com\/honduras\/wp-json\/wp\/v2\/pages"}],"about":[{"href":"https:\/\/warehouseracklatam.com\/honduras\/wp-json\/wp\/v2\/types\/page"}],"author":[{"embeddable":true,"href":"https:\/\/warehouseracklatam.com\/honduras\/wp-json\/wp\/v2\/users\/1"}],"replies":[{"embeddable":true,"href":"https:\/\/warehouseracklatam.com\/honduras\/wp-json\/wp\/v2\/comments?post=6198"}],"version-history":[{"count":71,"href":"https:\/\/warehouseracklatam.com\/honduras\/wp-json\/wp\/v2\/pages\/6198\/revisions"}],"predecessor-version":[{"id":7266,"href":"https:\/\/warehouseracklatam.com\/honduras\/wp-json\/wp\/v2\/pages\/6198\/revisions\/7266"}],"wp:attachment":[{"href":"https:\/\/warehouseracklatam.com\/honduras\/wp-json\/wp\/v2\/media?parent=6198"}],"curies":[{"name":"wp","href":"https:\/\/api.w.org\/{rel}","templated":true}]}}