{"id":6392,"date":"2022-04-18T12:54:28","date_gmt":"2022-04-18T18:54:28","guid":{"rendered":"https:\/\/warehouseracklatam.com\/honduras\/?page_id=6392"},"modified":"2022-04-21T16:50:16","modified_gmt":"2022-04-21T22:50:16","slug":"quienes-somos","status":"publish","type":"page","link":"https:\/\/warehouseracklatam.com\/honduras\/quienes-somos\/","title":{"rendered":"Quienes somos"},"content":{"rendered":"<section class=\"wpb-content-wrapper\"><p>[vc_section sticky_allow=&#8221;{&#8220;xl&#8220;:&#8220;&#8220;}&#8221;][vc_row][vc_column]\n\t\t\t<!-- START Quienes somos REVOLUTION SLIDER 6.6.5 --><p class=\"rs-p-wp-fix\"><\/p>\n\t\t\t<rs-module-wrap id=\"rev_slider_4_1_wrapper\" data-source=\"gallery\" style=\"visibility:hidden;background:transparent;padding:0;margin:0px auto;margin-top:0;margin-bottom:0;\">\n\t\t\t\t<rs-module id=\"rev_slider_4_1\" style=\"\" data-version=\"6.6.5\">\n\t\t\t\t\t<rs-slides style=\"overflow: hidden; position: absolute;\">\n\t\t\t\t\t\t<rs-slide style=\"position: absolute;\" data-key=\"rs-5\" data-title=\"Slide\" data-anim=\"adpr:false;\" data-in=\"o:0;\" data-out=\"a:false;\">\n\t\t\t\t\t\t\t<img src=\"\/\/warehouseracklatam.com\/honduras\/wp-content\/plugins\/revslider\/public\/assets\/assets\/dummy.png\" alt=\"\" width=\"1903\" height=\"630\" class=\"rev-slidebg tp-rs-img rs-lazyload\" data-lazyload=\"\/\/warehouseracklatam.com\/honduras\/wp-content\/uploads\/2022\/04\/wr_banner-quienes-somos.jpg\" data-no-retina>\n<!--\n\t\t\t\t\t\t\t--><rs-layer\n\t\t\t\t\t\t\t\tid=\"slider-4-slide-5-layer-0\" \n\t\t\t\t\t\t\t\tdata-type=\"shape\"\n\t\t\t\t\t\t\t\tdata-rsp_ch=\"on\"\n\t\t\t\t\t\t\t\tdata-text=\"w:normal;s:20,10,7,4;l:0,13,9,6;\"\n\t\t\t\t\t\t\t\tdata-dim=\"w:100%;h:100%;\"\n\t\t\t\t\t\t\t\tdata-basealign=\"slide\"\n\t\t\t\t\t\t\t\tdata-frame_999=\"o:0;st:w;\"\n\t\t\t\t\t\t\t\tstyle=\"z-index:8;background-color:rgba(0,0,0,0.5);\"\n\t\t\t\t\t\t\t> \n\t\t\t\t\t\t\t<\/rs-layer><!--\n\n\t\t\t\t\t\t\t--><rs-layer\n\t\t\t\t\t\t\t\tid=\"slider-4-slide-5-layer-1\" \n\t\t\t\t\t\t\t\tdata-type=\"text\"\n\t\t\t\t\t\t\t\tdata-rsp_ch=\"on\"\n\t\t\t\t\t\t\t\tdata-xy=\"x:c;y:m;\"\n\t\t\t\t\t\t\t\tdata-text=\"w:normal;s:50,45,40,25;l:25,35,30,20;fw:600;a:center;\"\n\t\t\t\t\t\t\t\tdata-dim=\"w:739px,425px,322px,216px;h:38px,87px,66px,49px;\"\n\t\t\t\t\t\t\t\tdata-frame_999=\"o:0;st:w;\"\n\t\t\t\t\t\t\t\tstyle=\"z-index:9;font-family:'Poppins';\"\n\t\t\t\t\t\t\t>Conoce mas sobre nosotros \n\t\t\t\t\t\t\t<\/rs-layer><!--\n-->\t\t\t\t\t\t<\/rs-slide>\n\t\t\t\t\t<\/rs-slides>\n\t\t\t\t<\/rs-module>\n\t\t\t\t<script>\n\t\t\t\t\tsetREVStartSize({c: 'rev_slider_4_1',rl:[1240,1024,778,480],el:[250,368,260,220],gw:[1903,1024,778,480],gh:[250,368,260,220],type:'standard',justify:'',layout:'fullwidth',mh:\"0\"});if (window.RS_MODULES!==undefined && window.RS_MODULES.modules!==undefined && window.RS_MODULES.modules[\"revslider41\"]!==undefined) {window.RS_MODULES.modules[\"revslider41\"].once = false;window.revapi4 = undefined;if (window.RS_MODULES.checkMinimal!==undefined) window.RS_MODULES.checkMinimal()}\n\t\t\t\t<\/script>\n\t\t\t<\/rs-module-wrap>\n\t\t\t<!-- END REVOLUTION SLIDER -->\n[\/vc_column][\/vc_row][\/vc_section][vc_section css_animation=&#8221;fadeIn&#8221; sticky_allow=&#8221;{&#8220;xl&#8220;:&#8220;&#8220;}&#8221;][vc_row][vc_column][vc_row_inner][vc_column_inner width=&#8221;1\/2&#8243;][vc_raw_html]JTNDc2NyaXB0JTIwc3JjJTNEJTIyaHR0cHMlM0ElMkYlMkZ1bnBrZy5jb20lMkYlNDBsb3R0aWVmaWxlcyUyRmxvdHRpZS1wbGF5ZXIlNDBsYXRlc3QlMkZkaXN0JTJGbG90dGllLXBsYXllci5qcyUyMiUzRSUzQyUyRnNjcmlwdCUzRSUwQSUzQ2xvdHRpZS1wbGF5ZXIlMjBzcmMlM0QlMjJodHRwcyUzQSUyRiUyRmFzc2V0czYubG90dGllZmlsZXMuY29tJTJGcGFja2FnZXMlMkZsZjIwX2h1dGxraXVmLmpzb24lMjIlMjAlMjBiYWNrZ3JvdW5kJTNEJTIydHJhbnNwYXJlbnQlMjIlMjAlMjBzcGVlZCUzRCUyMjElMjIlMjAlMjBzdHlsZSUzRCUyMndpZHRoJTNBJTIwMTAwJTI1JTNCJTIwaGVpZ2h0JTNBJTIwMTAwJTI1JTNCJTIyJTIwJTIwbG9vcCUyMCUyMGF1dG9wbGF5JTNFJTNDJTJGbG90dGllLXBsYXllciUzRQ==[\/vc_raw_html][\/vc_column_inner][vc_column_inner width=&#8221;1\/2&#8243;][vc_custom_heading text=&#8221;\u00bfQui\u00e9nes somos?&#8221; font_container=&#8221;tag:h1|text_align:center|color:%23007953&#8243; use_theme_fonts=&#8221;yes&#8221;][vc_column_text]<\/p>\n<p id=\"ezPagesHeading\" style=\"text-align: justify;\">Ofrecemos una amplia selecci\u00f3n de productos de almacenaje y nos esforzamos para mantener disponibles los siguientes art\u00edculos: estanter\u00edas de carga pesada y liviana, cantilevers, rampas, portapaletas, montacargas, y muchos productos m\u00e1s.<\/p>\n<div>\n<div style=\"text-align: justify;\"><\/div>\n<div style=\"text-align: justify;\">Nuestro equipo de profesionales cuenta con una amplia experiencia en el manejo de materiales y se encuentra disponible para ayudar a mejorar la eficiencia de su equipo y reducir el costo de operaci\u00f3n en su almac\u00e9n.<\/div>\n<div style=\"text-align: justify;\"><\/div>\n<div style=\"text-align: justify;\">Adicionalmente, nuestro equipo de instalaci\u00f3n viaja por todo el mundo para instalar los productos que vendemos.<\/div>\n<div style=\"text-align: justify;\"><\/div>\n<div style=\"text-align: justify;\">Le damos servicio a compa\u00f1\u00edas exitosas que van desde las Fortune 500 hasta las m\u00e1s peque\u00f1as que reci\u00e9n inician operaciones.<\/div>\n<div style=\"text-align: justify;\"><\/div>\n<div style=\"text-align: justify;\">Nuestras instalaciones est\u00e1n ubicadas en Norte Am\u00e9rica y Centroam\u00e9rica. Tenemos la capacidad de ofrecerle lo que necesite cuando lo necesite.<\/div>\n<div style=\"text-align: justify;\"><\/div>\n<div style=\"text-align: justify;\">Nuestra herramienta m\u00e1s popular en l\u00ednea es el Genio de la Cotizaci\u00f3n. \u00a0Este permite introducir las medidas de su almac\u00e9n en l\u00ednea a trav\u00e9s de genie.warehouserack.com \u00f3 utilizando nuestra aplicaci\u00f3n m\u00f3vil para poder recibir inmediatamente un dibujo de dise\u00f1o detallado m\u00e1s un presupuesto para estanter\u00edas nuevos o usados, al dar click en los diferentes montacargas disponibles, se puede visualizar inmediatamente c\u00f3mo el dise\u00f1o de su bodega y la capacidad de almacenamiento de pallets se pueden mejorar dependiendo del tipo de montacargas que seleccione.<\/div>\n<\/div>\n<p>[\/vc_column_text][\/vc_column_inner][\/vc_row_inner][\/vc_column][\/vc_row][\/vc_section]<\/p>\n<\/section>","protected":false},"excerpt":{"rendered":"<p>[vc_section sticky_allow=&#8221;{&#8220;xl&#8220;:&#8220;&#8220;}&#8221;][vc_row][vc_column][\/vc_column][\/vc_row][\/vc_section][vc_section css_animation=&#8221;fadeIn&#8221; sticky_allow=&#8221;{&#8220;xl&#8220;:&#8220;&#8220;}&#8221;][vc_row][vc_column][vc_row_inner][vc_column_inner width=&#8221;1\/2&#8243;][vc_raw_html]JTNDc2NyaXB0JTIwc3JjJTNEJTIyaHR0cHMlM0ElMkYlMkZ1bnBrZy5jb20lMkYlNDBsb3R0aWVmaWxlcyUyRmxvdHRpZS1wbGF5ZXIlNDBsYXRlc3QlMkZkaXN0JTJGbG90dGllLXBsYXllci5qcyUyMiUzRSUzQyUyRnNjcmlwdCUzRSUwQSUzQ2xvdHRpZS1wbGF5ZXIlMjBzcmMlM0QlMjJodHRwcyUzQSUyRiUyRmFzc2V0czYubG90dGllZmlsZXMuY29tJTJGcGFja2FnZXMlMkZsZjIwX2h1dGxraXVmLmpzb24lMjIlMjAlMjBiYWNrZ3JvdW5kJTNEJTIydHJhbnNwYXJlbnQlMjIlMjAlMjBzcGVlZCUzRCUyMjElMjIlMjAlMjBzdHlsZSUzRCUyMndpZHRoJTNBJTIwMTAwJTI1JTNCJTIwaGVpZ2h0JTNBJTIwMTAwJTI1JTNCJTIyJTIwJTIwbG9vcCUyMCUyMGF1dG9wbGF5JTNFJTNDJTJGbG90dGllLXBsYXllciUzRQ==[\/vc_raw_html][\/vc_column_inner][vc_column_inner width=&#8221;1\/2&#8243;][vc_custom_heading text=&#8221;\u00bfQui\u00e9nes somos?&#8221; font_container=&#8221;tag:h1|text_align:center|color:%23007953&#8243; use_theme_fonts=&#8221;yes&#8221;][vc_column_text] Ofrecemos una amplia selecci\u00f3n de productos de almacenaje y nos esforzamos para mantener disponibles los siguientes art\u00edculos: estanter\u00edas de carga pesada y liviana, cantilevers, rampas, portapaletas, montacargas, y muchos productos m\u00e1s. Nuestro equipo de profesionales cuenta con una amplia experiencia en el manejo de materiales [&hellip;]<\/p>\n","protected":false},"author":3,"featured_media":0,"parent":0,"menu_order":0,"comment_status":"closed","ping_status":"closed","template":"","meta":{"content-type":""},"_links":{"self":[{"href":"https:\/\/warehouseracklatam.com\/honduras\/wp-json\/wp\/v2\/pages\/6392"}],"collection":[{"href":"https:\/\/warehouseracklatam.com\/honduras\/wp-json\/wp\/v2\/pages"}],"about":[{"href":"https:\/\/warehouseracklatam.com\/honduras\/wp-json\/wp\/v2\/types\/page"}],"author":[{"embeddable":true,"href":"https:\/\/warehouseracklatam.com\/honduras\/wp-json\/wp\/v2\/users\/3"}],"replies":[{"embeddable":true,"href":"https:\/\/warehouseracklatam.com\/honduras\/wp-json\/wp\/v2\/comments?post=6392"}],"version-history":[{"count":15,"href":"https:\/\/warehouseracklatam.com\/honduras\/wp-json\/wp\/v2\/pages\/6392\/revisions"}],"predecessor-version":[{"id":6644,"href":"https:\/\/warehouseracklatam.com\/honduras\/wp-json\/wp\/v2\/pages\/6392\/revisions\/6644"}],"wp:attachment":[{"href":"https:\/\/warehouseracklatam.com\/honduras\/wp-json\/wp\/v2\/media?parent=6392"}],"curies":[{"name":"wp","href":"https:\/\/api.w.org\/{rel}","templated":true}]}}