{"id":7310,"date":"2022-09-28T13:09:18","date_gmt":"2022-09-28T19:09:18","guid":{"rendered":"https:\/\/warehouseracklatam.com\/honduras\/?page_id=7310"},"modified":"2022-09-29T12:46:02","modified_gmt":"2022-09-29T18:46:02","slug":"liquidaciones-en-houston","status":"publish","type":"page","link":"https:\/\/warehouseracklatam.com\/honduras\/liquidaciones-en-houston\/","title":{"rendered":"Liquidaciones en Houston"},"content":{"rendered":"<section class=\"wpb-content-wrapper\"><p>[vc_section wrap_container=&#8221;container&#8221; sticky_allow=&#8221;{&#8220;xl&#8220;:&#8220;&#8220;}&#8221;][vc_row full_width=&#8221;stretch_row&#8221;][vc_column]\n\t\t\t<!-- START Liquidaciones Completas de Bodega REVOLUTION SLIDER 6.6.5 --><p class=\"rs-p-wp-fix\"><\/p>\n\t\t\t<rs-module-wrap id=\"rev_slider_11_1_wrapper\" data-source=\"gallery\" style=\"visibility:hidden;background:transparent;padding:0;margin:0px auto;margin-top:0;margin-bottom:0;\">\n\t\t\t\t<rs-module id=\"rev_slider_11_1\" style=\"\" data-version=\"6.6.5\">\n\t\t\t\t\t<rs-slides style=\"overflow: hidden; position: absolute;\">\n\t\t\t\t\t\t<rs-slide style=\"position: absolute;\" data-key=\"rs-12\" data-title=\"Slide\" data-anim=\"adpr:false;\" data-in=\"o:0;\" data-out=\"a:false;\">\n\t\t\t\t\t\t\t<img src=\"\/\/warehouseracklatam.com\/honduras\/wp-content\/plugins\/revslider\/public\/assets\/assets\/dummy.png\" alt=\"\" width=\"1903\" height=\"630\" class=\"rev-slidebg tp-rs-img rs-lazyload\" data-lazyload=\"\/\/warehouseracklatam.com\/honduras\/wp-content\/uploads\/2022\/04\/wr_slider-servicios-liquidaciones-bodega.jpg\" data-no-retina>\n<!--\n\t\t\t\t\t\t\t--><rs-layer\n\t\t\t\t\t\t\t\tid=\"slider-11-slide-12-layer-1\" \n\t\t\t\t\t\t\t\tdata-type=\"text\"\n\t\t\t\t\t\t\t\tdata-rsp_ch=\"on\"\n\t\t\t\t\t\t\t\tdata-xy=\"x:c;y:m;\"\n\t\t\t\t\t\t\t\tdata-text=\"w:normal;s:40,30,38,20;l:23,12,9,6;fw:600;a:center;\"\n\t\t\t\t\t\t\t\tdata-dim=\"w:746px,565px,710px,377px;\"\n\t\t\t\t\t\t\t\tdata-frame_999=\"o:0;st:w;\"\n\t\t\t\t\t\t\t\tstyle=\"z-index:9;font-family:'Poppins';\"\n\t\t\t\t\t\t\t>Liquidaciones en Houston \n\t\t\t\t\t\t\t<\/rs-layer><!--\n-->\t\t\t\t\t\t<\/rs-slide>\n\t\t\t\t\t<\/rs-slides>\n\t\t\t\t<\/rs-module>\n\t\t\t\t<script>\n\t\t\t\t\tsetREVStartSize({c: 'rev_slider_11_1',rl:[1240,1024,778,480],el:[330,368,260,220],gw:[1903,1024,778,480],gh:[330,368,260,220],type:'standard',justify:'',layout:'fullwidth',mh:\"0\"});if (window.RS_MODULES!==undefined && window.RS_MODULES.modules!==undefined && window.RS_MODULES.modules[\"revslider111\"]!==undefined) {window.RS_MODULES.modules[\"revslider111\"].once = false;window.revapi11 = undefined;if (window.RS_MODULES.checkMinimal!==undefined) window.RS_MODULES.checkMinimal()}\n\t\t\t\t<\/script>\n\t\t\t<\/rs-module-wrap>\n\t\t\t<!-- END REVOLUTION SLIDER -->\n[\/vc_column][\/vc_row][\/vc_section][vc_section css_animation=&#8221;fadeIn&#8221; sticky_allow=&#8221;{&#8220;xl&#8220;:&#8220;&#8220;}&#8221; css=&#8221;.vc_custom_1651090147476{margin-top: 50px !important;}&#8221;][vc_row][vc_column width=&#8221;1\/2&#8243;][vc_column_text]WarehouseRack.com realiza liquidaciones de equipo de almacenamiento de empresas que est\u00e1n cerrando o trasladando sus operaciones.<\/p>\n<p><strong>Ll\u00e1manos para iniciar tu proyecto de liquidaci\u00f3n. Somos expertos en liquidaci\u00f3n de equipo de bodegas.<\/strong>[\/vc_column_text][vc_row_inner][vc_column_inner width=&#8221;1\/3&#8243;]<div class=\"riode-infobox icon-box  wpb_custom_d399323bcaeb32a7c9f5c4358932b6e7 stacked circle icon-box-top infobox-anim infobox-anim-pushup\" >\r\n\r\n\t<div class=\"icon-box-icon-wrapper\">\r\n\t\t<span class=\"icon-box-icon d-inline-flex align-items-center justify-content-center\">\r\n\t\t\t\t\t\t<i class=\"fas fa-database\"><\/i>\r\n\t\t\t\t\t\t\t\t\t\r\n\t\t<\/span>\r\n\t<\/div>\r\n\t<div class=\"icon-box-content\">\r\n\t\t\t\t<p>Somos el mayor distribuidor de equipo de almacenamiento tanto nuevo y usado en toda Am\u00e9rica.<\/p>\r\n\t\t<\/div>\r\n<\/div>\r\n[\/vc_column_inner][vc_column_inner width=&#8221;1\/3&#8243;]<div class=\"riode-infobox icon-box  wpb_custom_d399323bcaeb32a7c9f5c4358932b6e7 stacked circle icon-box-top infobox-anim infobox-anim-pushup\" >\r\n\r\n\t<div class=\"icon-box-icon-wrapper\">\r\n\t\t<span class=\"icon-box-icon d-inline-flex align-items-center justify-content-center\">\r\n\t\t\t\t\t\t<i class=\"fas fa-store-alt\"><\/i>\r\n\t\t\t\t\t\t\t\t\t\r\n\t\t<\/span>\r\n\t<\/div>\r\n\t<div class=\"icon-box-content\">\r\n\t\t\t\t<p>Compramos equipos de empresas en liquidaci\u00f3n.<\/p>\r\n\t\t<\/div>\r\n<\/div>\r\n[\/vc_column_inner][vc_column_inner width=&#8221;1\/3&#8243;]<div class=\"riode-infobox icon-box  wpb_custom_d399323bcaeb32a7c9f5c4358932b6e7 stacked circle icon-box-top infobox-anim infobox-anim-pushup\" >\r\n\r\n\t<div class=\"icon-box-icon-wrapper\">\r\n\t\t<span class=\"icon-box-icon d-inline-flex align-items-center justify-content-center\">\r\n\t\t\t\t\t\t<i class=\"fas fa-toolbox\"><\/i>\r\n\t\t\t\t\t\t\t\t\t\r\n\t\t<\/span>\r\n\t<\/div>\r\n\t<div class=\"icon-box-content\">\r\n\t\t\t\t<p>Reacondicionamos los equipos usados en nuestras sucursales y los preparamos para sacarlos a la venta nuevamente.<\/p>\r\n\t\t<\/div>\r\n<\/div>\r\n[\/vc_column_inner][\/vc_row_inner][\/vc_column][vc_column width=&#8221;1\/2&#8243;][vc_single_image image=&#8221;6992&#8243; img_size=&#8221;full&#8221;][\/vc_column][\/vc_row][\/vc_section][vc_row content_placement=&#8221;middle&#8221; css_animation=&#8221;bounceIn&#8221; css=&#8221;.vc_custom_1650651987145{padding-top: 50px !important;padding-right: 50px !important;padding-bottom: 50px !important;padding-left: 50px !important;background-image: url(https:\/\/warehouseracklatam.com\/honduras\/wp-content\/uploads\/2022\/04\/wr_banner-tienda.jpg?id=6629) !important;}&#8221;][vc_column width=&#8221;3\/4&#8243;][vc_custom_heading text=&#8221;Le damos servicio a compa\u00f1\u00edas exitosas que van desde las Fortune 500 hasta las m\u00e1s peque\u00f1as que reci\u00e9n inician operaciones.&#8221; font_container=&#8221;tag:h4|text_align:left|color:%23ffffff&#8221; use_theme_fonts=&#8221;yes&#8221;][\/vc_column][vc_column width=&#8221;1\/4&#8243;]<div class=\"riode-button-container  wpb_custom_d7948f8775ff35a98d32c18ccff70c33\" >\r\n<a class=\"btn btn-secondary btn-icon-left\" href=\"https:\/\/www.warehouserack.com\/liquidations-c-21\/\" target=\"_blank\" ><i class=\"fas fa-box-open\"><\/i>VER LIQUIDACIONES<\/a><\/div>\r\n[\/vc_column][\/vc_row]<\/p>\n<\/section>","protected":false},"excerpt":{"rendered":"<p>[vc_section wrap_container=&#8221;container&#8221; sticky_allow=&#8221;{&#8220;xl&#8220;:&#8220;&#8220;}&#8221;][vc_row full_width=&#8221;stretch_row&#8221;][vc_column][\/vc_column][\/vc_row][\/vc_section][vc_section css_animation=&#8221;fadeIn&#8221; sticky_allow=&#8221;{&#8220;xl&#8220;:&#8220;&#8220;}&#8221; css=&#8221;.vc_custom_1651090147476{margin-top: 50px !important;}&#8221;][vc_row][vc_column width=&#8221;1\/2&#8243;][vc_column_text]WarehouseRack.com realiza liquidaciones de equipo de almacenamiento de empresas que est\u00e1n cerrando o trasladando sus operaciones. Ll\u00e1manos para iniciar tu proyecto de liquidaci\u00f3n. Somos expertos en liquidaci\u00f3n de equipo de bodegas.[\/vc_column_text][vc_row_inner][vc_column_inner width=&#8221;1\/3&#8243;][\/vc_column_inner][vc_column_inner width=&#8221;1\/3&#8243;][\/vc_column_inner][vc_column_inner width=&#8221;1\/3&#8243;][\/vc_column_inner][\/vc_row_inner][\/vc_column][vc_column width=&#8221;1\/2&#8243;][vc_single_image image=&#8221;6992&#8243; img_size=&#8221;full&#8221;][\/vc_column][\/vc_row][\/vc_section][vc_row content_placement=&#8221;middle&#8221; css_animation=&#8221;bounceIn&#8221; css=&#8221;.vc_custom_1650651987145{padding-top: 50px !important;padding-right: 50px !important;padding-bottom: 50px !important;padding-left: [&hellip;]<\/p>\n","protected":false},"author":3,"featured_media":0,"parent":0,"menu_order":0,"comment_status":"closed","ping_status":"closed","template":"","meta":{"content-type":""},"_links":{"self":[{"href":"https:\/\/warehouseracklatam.com\/honduras\/wp-json\/wp\/v2\/pages\/7310"}],"collection":[{"href":"https:\/\/warehouseracklatam.com\/honduras\/wp-json\/wp\/v2\/pages"}],"about":[{"href":"https:\/\/warehouseracklatam.com\/honduras\/wp-json\/wp\/v2\/types\/page"}],"author":[{"embeddable":true,"href":"https:\/\/warehouseracklatam.com\/honduras\/wp-json\/wp\/v2\/users\/3"}],"replies":[{"embeddable":true,"href":"https:\/\/warehouseracklatam.com\/honduras\/wp-json\/wp\/v2\/comments?post=7310"}],"version-history":[{"count":3,"href":"https:\/\/warehouseracklatam.com\/honduras\/wp-json\/wp\/v2\/pages\/7310\/revisions"}],"predecessor-version":[{"id":7335,"href":"https:\/\/warehouseracklatam.com\/honduras\/wp-json\/wp\/v2\/pages\/7310\/revisions\/7335"}],"wp:attachment":[{"href":"https:\/\/warehouseracklatam.com\/honduras\/wp-json\/wp\/v2\/media?parent=7310"}],"curies":[{"name":"wp","href":"https:\/\/api.w.org\/{rel}","templated":true}]}}