{"id":7095,"date":"2022-05-20T09:51:00","date_gmt":"2022-05-20T15:51:00","guid":{"rendered":"https:\/\/warehouseracklatam.com\/honduras\/?post_type=product&#038;p=7095"},"modified":"2022-05-20T12:05:40","modified_gmt":"2022-05-20T18:05:40","slug":"estanteria-selectiva","status":"publish","type":"product","link":"https:\/\/warehouseracklatam.com\/honduras\/producto\/estanteria-selectiva\/","title":{"rendered":"ESTANTER\u00cdA SELECTIVA"},"content":{"rendered":"","protected":false},"excerpt":{"rendered":"<div><img decoding=\"async\" src=\"\/wp-content\/uploads\/2022\/04\/icon-arrow.png\" \/> La estanter\u00eda selectiva es el tipo de estanter\u00eda mas com\u00fan encontrada en un almac\u00e9n.<\/div>\n<div><img decoding=\"async\" src=\"\/wp-content\/uploads\/2022\/04\/icon-arrow.png\" \/> Las pallets de un fondo, como se muestra en la foto superior, permite un acceso inmediato a cualquier pallet.<\/div>\n","protected":false},"featured_media":7134,"template":"","meta":{"content-type":""},"product_cat":[67],"product_tag":[],"_links":{"self":[{"href":"https:\/\/warehouseracklatam.com\/honduras\/wp-json\/wp\/v3\/product\/7095"}],"collection":[{"href":"https:\/\/warehouseracklatam.com\/honduras\/wp-json\/wp\/v3\/product"}],"about":[{"href":"https:\/\/warehouseracklatam.com\/honduras\/wp-json\/wp\/v2\/types\/product"}],"wp:featuredmedia":[{"embeddable":true,"href":"https:\/\/warehouseracklatam.com\/honduras\/wp-json\/wp\/v2\/media\/7134"}],"wp:attachment":[{"href":"https:\/\/warehouseracklatam.com\/honduras\/wp-json\/wp\/v2\/media?parent=7095"}],"wp:term":[{"taxonomy":"product_cat","embeddable":true,"href":"https:\/\/warehouseracklatam.com\/honduras\/wp-json\/wp\/v2\/product_cat?post=7095"},{"taxonomy":"product_tag","embeddable":true,"href":"https:\/\/warehouseracklatam.com\/honduras\/wp-json\/wp\/v2\/product_tag?post=7095"}],"curies":[{"name":"wp","href":"https:\/\/api.w.org\/{rel}","templated":true}]}}