{"id":7107,"date":"2022-05-20T10:24:53","date_gmt":"2022-05-20T16:24:53","guid":{"rendered":"https:\/\/warehouseracklatam.com\/honduras\/?post_type=product&#038;p=7107"},"modified":"2022-05-20T12:06:11","modified_gmt":"2022-05-20T18:06:11","slug":"estanteria-tipo-picking","status":"publish","type":"product","link":"https:\/\/warehouseracklatam.com\/honduras\/producto\/estanteria-tipo-picking\/","title":{"rendered":"ESTANTER\u00cdA TIPO PICKING"},"content":{"rendered":"","protected":false},"excerpt":{"rendered":"<div><img decoding=\"async\" src=\"\/wp-content\/uploads\/2022\/04\/icon-arrow.png\" \/> Las estanter\u00edas de almacenamiento a granel est\u00e1n dise\u00f1adas para espacios adonde los productos se manejan manualmente en lugar de ser transportados por un pallet.<\/div>\n<div><span style=\"color: #e35929;\"><strong><img decoding=\"async\" src=\"\/wp-content\/uploads\/2022\/05\/size.png\" \/> 24&#8243; profundidad x 96&#8243; largo x 96&#8243; alto x 2 1\/2&#8243; alto<\/strong><\/span><\/div>\n<div><span style=\"color: #e35929;\"><strong><img decoding=\"async\" src=\"\/wp-content\/uploads\/2022\/05\/size.png\" \/> 42&#8243; profundidad x 134&#8243; largo x 96&#8243; alto x 4&#8243; alto<\/strong><\/span><\/div>\n","protected":false},"featured_media":7137,"template":"","meta":{"content-type":""},"product_cat":[41,67],"product_tag":[],"_links":{"self":[{"href":"https:\/\/warehouseracklatam.com\/honduras\/wp-json\/wp\/v3\/product\/7107"}],"collection":[{"href":"https:\/\/warehouseracklatam.com\/honduras\/wp-json\/wp\/v3\/product"}],"about":[{"href":"https:\/\/warehouseracklatam.com\/honduras\/wp-json\/wp\/v2\/types\/product"}],"wp:featuredmedia":[{"embeddable":true,"href":"https:\/\/warehouseracklatam.com\/honduras\/wp-json\/wp\/v2\/media\/7137"}],"wp:attachment":[{"href":"https:\/\/warehouseracklatam.com\/honduras\/wp-json\/wp\/v2\/media?parent=7107"}],"wp:term":[{"taxonomy":"product_cat","embeddable":true,"href":"https:\/\/warehouseracklatam.com\/honduras\/wp-json\/wp\/v2\/product_cat?post=7107"},{"taxonomy":"product_tag","embeddable":true,"href":"https:\/\/warehouseracklatam.com\/honduras\/wp-json\/wp\/v2\/product_tag?post=7107"}],"curies":[{"name":"wp","href":"https:\/\/api.w.org\/{rel}","templated":true}]}}